{"id":13,"date":"2015-02-03T12:04:00","date_gmt":"2015-02-03T12:04:00","guid":{"rendered":"http:\/\/www.mikolaiotthon.hu\/mikola\/?page_id=13"},"modified":"2016-04-20T10:00:47","modified_gmt":"2016-04-20T09:00:47","slug":"programok","status":"publish","type":"page","link":"https:\/\/www.mikolaiotthon.hu\/mikola\/?page_id=13","title":{"rendered":"Programok"},"content":{"rendered":"<div class=\"art-postcontent\">\n<div class=\"art-article\">\n<h3>2016 \u00c9ves Program terv<\/h3>\n<p>&nbsp;<\/p>\n<p>\u00c1lland\u00f3 havi programok<\/p>\n<h3>Visegr\u00e1di programok:<\/h3>\n<p>&nbsp;<\/p>\n<p>Heti k\u00e9zm\u0171ves \u00e9s testnevel\u00e9si foglalkoz\u00e1sok<\/p>\n<p>Hetente Dalk\u00f6r pr\u00f3ba<\/p>\n<p>Hit\u00e9leti programok: Katolikus szentmis\u00e9k, Reform\u00e1tus Isten tisztelet \/a h\u00f3nap els\u0151 p\u00e9ntekje \u00e9s vas\u00e1rnapja\/ a k\u00f6zbees\u0151 p\u00e9ntekeken lelki program<\/p>\n<p>N\u00e9vnapok meg\u00fcnnepl\u00e9se<\/p>\n<p>Cseveg\u0151 klub<\/p>\n<p>Ell\u00e1tott jogi k\u00e9pvisel\u0151 fogad\u00f3 napja<\/p>\n<p>&nbsp;<\/p>\n<p>Kutyater\u00e1pia<\/p>\n<p>Bev\u00e1s\u00e1rl\u00f3 nap<\/p>\n<p>&nbsp;<\/p>\n<p>&nbsp;<\/p>\n<h3>V\u00e1mosmikolai programok:<\/h3>\n<p>&nbsp;<\/p>\n<p>Bizotts\u00e1gi \u00fcl\u00e9sek (\u00e9lelmez\u00e9si, kultur\u00e1lis)<\/p>\n<p>Mini ABC minden h\u00e9t keddj\u00e9n<\/p>\n<p>Piac nap minden h\u00e9t cs\u00fct\u00f6rt\u00f6kj\u00e9n<\/p>\n<p>Ell\u00e1tott jogi k\u00e9pvisel\u0151 fogad\u00f3 napja<\/p>\n<p>N\u00e9vnapok \u00fcnnepl\u00e9se<\/p>\n<p>K\u00e9zm\u0171ves foglalkoz\u00e1sok<\/p>\n<p>&nbsp;<\/p>\n<p><strong>Tov\u00e1bbi programok:<\/strong><\/p>\n<h3><\/h3>\n<h3><strong>V\u00e1mosmikola<\/strong><\/h3>\n<p><u>Janu\u00e1r<\/u><\/p>\n<p>&#8211; Magyar kult\u00fara napja-Verses nap<\/p>\n<p><u>Febru\u00e1r<\/u><\/p>\n<p>&#8211; Farsangi mulats\u00e1g<\/p>\n<p>&#8211; V\u00e1mosmikolai asszonyk\u00f3rus fell\u00e9p\u00e9se<\/p>\n<p>&#8211; Orgona koncert<\/p>\n<p><u>M\u00e1rcius<\/u><\/p>\n<p>-Nemzetk\u00f6zi n\u0151nap<\/p>\n<p>-M\u00e1rcius 15. megeml\u00e9kez\u00e9s<\/p>\n<p>-H\u00fasv\u00e9ti \u00fcnnep<\/p>\n<p>-M\u00e1jusfa \u00e1ll\u00edt\u00e1s<\/p>\n<p><u>\u00c1prilis<\/u><\/p>\n<p>S\u00e9ta az Ipoly parton<\/p>\n<p><u>M\u00e1jus<\/u><\/p>\n<p>Any\u00e1k napi megeml\u00e9kez\u00e9s<\/p>\n<p>Tavaszk\u00f6sz\u00f6nt\u0151 l\u00e1ngos s\u00fct\u00e9ssel<\/p>\n<p>&nbsp;<\/p>\n<p><strong>Visegr\u00e1d<\/strong><\/p>\n<p><u>Janu\u00e1r<\/u><\/p>\n<p>-Magyar kult\u00fara napja a dunabogd\u00e1nyi iskol\u00e1sok m\u0171sor\u00e1val<\/p>\n<p>-Kutyater\u00e1pia<\/p>\n<p>-Esztergomi di\u00e1k sz\u00ednk\u00f6r el\u0151ad\u00e1sa<\/p>\n<p><u>Febru\u00e1r<\/u><\/p>\n<p>-Farsangi b\u00e1l<\/p>\n<p>-Kiszeb\u00e1b \u00e9get\u00e9s<\/p>\n<p>-Gofri s\u00fct\u00e9s<\/p>\n<p><u>M\u00e1rcius<\/u><\/p>\n<p>-Nemzetk\u00f6zi n\u0151nap<\/p>\n<p>-M\u00e1rcius 15 megeml\u00e9kez\u00e9s-lak\u00f3k m\u0171sora<\/p>\n<p>&#8211; Mozi d\u00e9lel\u0151tt<\/p>\n<p>&#8211; H\u00fasv\u00e9ti m\u0171sor az Esztergomi \u00f6nk\u00e9nteseink el\u0151ad\u00e1s\u00e1ban<\/p>\n<p><u>\u00c1prilis<\/u><\/p>\n<p>&#8211; Gy\u00fcm\u00f6lcs nap<\/p>\n<p>&#8211; Orsz\u00e1gos TeSzedd akci\u00f3 -Szem\u00e9tszed\u00e9s (\u00e1prilis 28 9.30.)<\/p>\n<p>-M\u00e1jusfa \u00e1ll\u00edt\u00e1s<\/p>\n<p><u>M\u00e1jus<\/u><\/p>\n<p>-Any\u00e1k napi megeml\u00e9kez\u00e9s- Magn\u00f3lia fa \u00fcltet\u00e9s<\/p>\n<\/div>\n<\/div>\n","protected":false},"excerpt":{"rendered":"<p>2016 \u00c9ves Program terv &nbsp; \u00c1lland\u00f3 havi programok Visegr\u00e1di programok: &nbsp; Heti k\u00e9zm\u0171ves \u00e9s testnevel\u00e9si foglalkoz\u00e1sok Hetente Dalk\u00f6r pr\u00f3ba Hit\u00e9leti programok: Katolikus szentmis\u00e9k, Reform\u00e1tus Isten tisztelet \/a h\u00f3nap els\u0151 p\u00e9ntekje \u00e9s vas\u00e1rnapja\/ a k\u00f6zbees\u0151 p\u00e9ntekeken lelki program N\u00e9vnapok meg\u00fcnnepl\u00e9se Cseveg\u0151 klub Ell\u00e1tott jogi k\u00e9pvisel\u0151 fogad\u00f3 napja &nbsp; Kutyater\u00e1pia Bev\u00e1s\u00e1rl\u00f3 nap &nbsp; &nbsp; V\u00e1mosmikolai programok: &nbsp; [&hellip;]<\/p>\n","protected":false},"author":1,"featured_media":0,"parent":0,"menu_order":0,"comment_status":"closed","ping_status":"closed","template":"","meta":{"footnotes":""},"class_list":["post-13","page","type-page","status-publish","hentry"],"_links":{"self":[{"href":"https:\/\/www.mikolaiotthon.hu\/mikola\/index.php?rest_route=\/wp\/v2\/pages\/13","targetHints":{"allow":["GET"]}}],"collection":[{"href":"https:\/\/www.mikolaiotthon.hu\/mikola\/index.php?rest_route=\/wp\/v2\/pages"}],"about":[{"href":"https:\/\/www.mikolaiotthon.hu\/mikola\/index.php?rest_route=\/wp\/v2\/types\/page"}],"author":[{"embeddable":true,"href":"https:\/\/www.mikolaiotthon.hu\/mikola\/index.php?rest_route=\/wp\/v2\/users\/1"}],"replies":[{"embeddable":true,"href":"https:\/\/www.mikolaiotthon.hu\/mikola\/index.php?rest_route=%2Fwp%2Fv2%2Fcomments&post=13"}],"version-history":[{"count":4,"href":"https:\/\/www.mikolaiotthon.hu\/mikola\/index.php?rest_route=\/wp\/v2\/pages\/13\/revisions"}],"predecessor-version":[{"id":453,"href":"https:\/\/www.mikolaiotthon.hu\/mikola\/index.php?rest_route=\/wp\/v2\/pages\/13\/revisions\/453"}],"wp:attachment":[{"href":"https:\/\/www.mikolaiotthon.hu\/mikola\/index.php?rest_route=%2Fwp%2Fv2%2Fmedia&parent=13"}],"curies":[{"name":"wp","href":"https:\/\/api.w.org\/{rel}","templated":true}]}}