{"id":17,"date":"2015-02-03T12:04:52","date_gmt":"2015-02-03T12:04:52","guid":{"rendered":"http:\/\/www.mikolaiotthon.hu\/mikola\/?page_id=17"},"modified":"2021-12-08T12:37:04","modified_gmt":"2021-12-08T11:37:04","slug":"visegradi-telephelyunk","status":"publish","type":"page","link":"https:\/\/www.mikolaiotthon.hu\/mikola\/?page_id=17","title":{"rendered":"Visegr\u00e1di telephely\u00fcnk"},"content":{"rendered":"<p>A kor\u00e1bban &#8222;M\u00e1ria oltalma&#8221; fi\u00fanevel\u0151 int\u00e9zet, majd r\u00f6vid ideig SZOT \u00fcd\u00fcl\u0151 \u00e1talak\u00edt\u00e1s\u00e1val, 95 f\u0151 elhelyez\u00e9s\u00e9re van lehet\u0151s\u00e9g. A szem\u00e9lyre sz\u00f3l\u00f3, \u00e1pol\u00e1st, gondoz\u00e1st, lak\u00f3ink eg\u00e9szs\u00e9g\u00fcgyi \u00e9s ment\u00e1lis \u00e1llapot\u00e1nak megfelel\u0151en 4 \u00e9p\u00fcletben, 1,33 hekt\u00e1ros ter\u00fcleten biztos\u00edtjuk.<br \/>\nA Dunakanyar kiemelked\u0151en sz\u00e9p r\u00e9sz\u00e9n, Visegr\u00e1d \u00e9s Dunabogd\u00e1ny k\u00f6z\u00f6tt, a 39. km-n\u00e9l a 11.sz. f\u0151\u00fatvonalr\u00f3l \u00e9rhet\u0151 el. Bp. \u00e9s Esztergom fel\u00f6l aut\u00f3val, Budapestr\u0151l Vol\u00e1n j\u00e1rattal az \u00dajpest V\u00e1roskapu buszp\u00e1lyaudvarr\u00f3l k\u00f6zel\u00edthet\u0151 meg.<br \/>\nA k\u00f6z\u00f6ss\u00e9gi termek rendezettek, komfortosak. A szob\u00e1k t\u00f6bbs\u00e9g\u00e9ben 2 \u00e1gyas elhelyez\u00e9st (33 db) tesznek lehet\u0151v\u00e9, van 2 db 3 \u00e1gyas, 3 db 5 \u00e1gyas szob\u00e1nk is.<br \/>\nAzon f\u00e1radozunk, hogy lehet\u0151s\u00e9g\u00fcnkh\u00f6z m\u00e9rten, sz\u00ednvonalas szolg\u00e1ltat\u00e1st ny\u00fajtsunk, lak\u00f3ink otthonosan \u00e9s biztons\u00e1gban \u00e9rezhess\u00e9k magukat.<\/p>\n<p>El\u00e9rhet\u0151s\u00e9gek:<\/p>\n<p>C\u00edm: 2025 Visegr\u00e1d, Mogyor\u00f3hegy u.10.<\/p>\n<p>Tel: 0626\/398-368<\/p>\n<p>Fax: 0626\/597-018<\/p>\n<p>Email: <a href=\"mailto:visegrad@foio.t-online.hu\" target=\"_blank\">visegrad@foio.t-online.hu<\/a><\/p>\n<p>Telephelyvezet\u0151: Bors J\u00f3zsef<\/p>\n<p>T\u00e9r\u00edt\u00e9si d\u00edj: 2235 Ft\/ nap<\/p>\n","protected":false},"excerpt":{"rendered":"<p>A kor\u00e1bban &#8222;M\u00e1ria oltalma&#8221; fi\u00fanevel\u0151 int\u00e9zet, majd r\u00f6vid ideig SZOT \u00fcd\u00fcl\u0151 \u00e1talak\u00edt\u00e1s\u00e1val, 95 f\u0151 elhelyez\u00e9s\u00e9re van lehet\u0151s\u00e9g. A szem\u00e9lyre sz\u00f3l\u00f3, \u00e1pol\u00e1st, gondoz\u00e1st, lak\u00f3ink eg\u00e9szs\u00e9g\u00fcgyi \u00e9s ment\u00e1lis \u00e1llapot\u00e1nak megfelel\u0151en 4 \u00e9p\u00fcletben, 1,33 hekt\u00e1ros ter\u00fcleten biztos\u00edtjuk. A Dunakanyar kiemelked\u0151en sz\u00e9p r\u00e9sz\u00e9n, Visegr\u00e1d \u00e9s Dunabogd\u00e1ny k\u00f6z\u00f6tt, a 39. km-n\u00e9l a 11.sz. f\u0151\u00fatvonalr\u00f3l \u00e9rhet\u0151 el. Bp. \u00e9s Esztergom fel\u00f6l [&hellip;]<\/p>\n","protected":false},"author":1,"featured_media":0,"parent":0,"menu_order":0,"comment_status":"closed","ping_status":"closed","template":"","meta":{"footnotes":""},"class_list":["post-17","page","type-page","status-publish","hentry"],"_links":{"self":[{"href":"https:\/\/www.mikolaiotthon.hu\/mikola\/index.php?rest_route=\/wp\/v2\/pages\/17","targetHints":{"allow":["GET"]}}],"collection":[{"href":"https:\/\/www.mikolaiotthon.hu\/mikola\/index.php?rest_route=\/wp\/v2\/pages"}],"about":[{"href":"https:\/\/www.mikolaiotthon.hu\/mikola\/index.php?rest_route=\/wp\/v2\/types\/page"}],"author":[{"embeddable":true,"href":"https:\/\/www.mikolaiotthon.hu\/mikola\/index.php?rest_route=\/wp\/v2\/users\/1"}],"replies":[{"embeddable":true,"href":"https:\/\/www.mikolaiotthon.hu\/mikola\/index.php?rest_route=%2Fwp%2Fv2%2Fcomments&post=17"}],"version-history":[{"count":6,"href":"https:\/\/www.mikolaiotthon.hu\/mikola\/index.php?rest_route=\/wp\/v2\/pages\/17\/revisions"}],"predecessor-version":[{"id":637,"href":"https:\/\/www.mikolaiotthon.hu\/mikola\/index.php?rest_route=\/wp\/v2\/pages\/17\/revisions\/637"}],"wp:attachment":[{"href":"https:\/\/www.mikolaiotthon.hu\/mikola\/index.php?rest_route=%2Fwp%2Fv2%2Fmedia&parent=17"}],"curies":[{"name":"wp","href":"https:\/\/api.w.org\/{rel}","templated":true}]}}