{"id":5,"date":"2015-02-03T12:01:55","date_gmt":"2015-02-03T12:01:55","guid":{"rendered":"http:\/\/www.mikolaiotthon.hu\/mikola\/?page_id=5"},"modified":"2026-05-07T10:44:24","modified_gmt":"2026-05-07T09:44:24","slug":"bemutatkozas","status":"publish","type":"page","link":"https:\/\/www.mikolaiotthon.hu\/mikola\/","title":{"rendered":"Bemutatkoz\u00e1s"},"content":{"rendered":"<p>S<em>zeretettel K\u00f6sz\u00f6nti \u00d6nt Honlapj\u00e1n a<br \/>\nF\u0151v\u00e1rosi \u00d6nkorm\u00e1nyzat V\u00e1mosmikolai Id\u0151sek Otthona!<\/em><\/p>\n<p>Honlapunk seg\u00edts\u00e9g\u00e9vel gyorsan \u00e9s k\u00f6nnyed\u00e9n t\u00e1j\u00e9koz\u00f3dhat az Otthon \u00e1ltal ny\u00fajtott szolg\u00e1ltat\u00e1sokr\u00f3l, el\u00e9rhet\u0151s\u00e9gekr\u0151l, programjainkr\u00f3l.<\/p>\n<hr \/>\n<p>A F\u0151v\u00e1rosi \u00d6nkorm\u00e1nyzat V\u00e1mosmikolai Id\u0151sek Otthona az orsz\u00e1g \u00e9szaki r\u00e9sz\u00e9n, Budapestt\u0151l 85 km-re a B\u00f6rzs\u00f6ny hegys\u00e9g l\u00e1b\u00e1n\u00e1l \u00e9s az Ipoly foly\u00f3 v\u00f6lgy\u00e9ben tal\u00e1lhat\u00f3 fest\u0151i k\u00f6rnyezetben. J\u00f3l megk\u00f6zel\u00edthet\u0151 szem\u00e9lyg\u00e9pkocsival a Budapest-V\u00e1c-Szob-Letk\u00e9s-V\u00e1mosmikola \u00fatvonalon, vagy a Nyugati p\u00e1lyaudvarr\u00f3l indul\u00f3 szem\u00e9lyvonattal Szobig \u00e9s a vas\u00fat\u00e1llom\u00e1sr\u00f3l t\u00e1vols\u00e1gi aut\u00f3busszal. Az Otthon V\u00e1mosmikola k\u00f6zpontj\u00e1ban helyezkedik el. 150 f\u0151 id\u0151skor\u00fa ember r\u00e9sz\u00e9re biztos\u00edt nyugodt, b\u00e9k\u00e9s \u00e9s komfortos \u00e9letteret. Lak\u00f3ink r\u00e9sz\u00e9re teljesk\u00f6r\u0171 ell\u00e1t\u00e1st biztos\u00edtunk.<br \/>\nA h\u00e1rom lak\u00f3\u00e9p\u00fcletben tal\u00e1lhat\u00f3 lak\u00f3szob\u00e1ink 2-4 \u00e1gyasak. A lak\u00f3\u00e9p\u00fcleteket vir\u00e1goskert \u00e9s f\u00e1s park veszi k\u00f6r\u00fcl. A k\u00f6zeli B\u00f6rzs\u00f6ny hegys\u00e9g mindig friss, kit\u0171n\u0151 leveg\u0151t, csendes, nyugodt k\u00f6rnyezetet biztos\u00edt az itt \u00e9l\u0151 emberek sz\u00e1m\u00e1ra.<\/p>\n<p>Jelentkezni lehet:<\/p>\n<p>Felv\u00e9telt El\u0151k\u00e9sz\u00edt\u0151 Csoport csoportn\u00e1l (FECS)<\/p>\n<p>Sz\u00e9khelye: Budapest F\u0151v\u00e1rosi \u00d6nkorm\u00e1nyzat \u00dcgyf\u00e9lszolg\u00e1lati Iroda<\/p>\n<p>C\u00edm: 1054 Budapest, V.ker., Bajcsy-Zsilinszky \u00fat 36-38. fsz.<\/p>\n<p>Telefon: (36-1) 374 0077 Z\u00f6ldsz\u00e1m:06 80 203 377 (ingyenesen h\u00edvhat\u00f3)<\/p>\n<p>E-mail: <a href=\"mailto:fecs@budapest.hu\" target=\"_blank\" rel=\"noopener\">fecs@fecs.hu<\/a>,\u00a0<a href=\"mailto:kerelem@fecs.hu\" target=\"_blank\" rel=\"noopener\">kerelem@fecs.hu<\/a><\/p>\n<p>\u00dcgyf\u00e9lfogad\u00e1s: H\u00e9tf\u0151: 12-17 \u00f3r\u00e1ig<br \/>\nKedd, szerda, cs\u00fct\u00f6rt\u00f6k: 8-16 \u00f3r\u00e1ig<br \/>\nP\u00e9ntek: 8-11 \u00f3r\u00e1ig<br \/>\nAz int\u00e9zm\u00e9nyi elhelyez\u00e9ssel kapcsolatban tov\u00e1bbi inform\u00e1ci\u00f3t a Ment\u00e1lhigi\u00e9n\u00e9s csoport vezet\u0151t\u0151l Ritzi Szilvi\u00e1t\u00f3l k\u00e9rhetnek. Telefonos el\u00e9rhet\u0151s\u00e9ge munkanapokon reggel 08.00-16.00-ig 06 30 331-05-16.<\/p>\n<p>Ell\u00e1t\u00e1s ig\u00e9nyl\u00e9s\u00e9hez k\u00e9rj\u00fck t\u00f6lts\u00e9k ki az <a href=\"http:\/\/www.mikolaiotthon.hu\/mikola\/wp-content\/uploads\/2024\/03\/FECS_Adatlap_uj__.pdf\">ezen a linken tal\u00e1lhat\u00f3<\/a> adatlapot.<\/p>\n<p>Itt l\u00e1that\u00f3 <a href=\"http:\/\/youtu.be\/W0MVXKnPD1U\">a v\u00e1mosmikolai otthon bemutatkoz\u00f3 filmje<\/a>.<\/p>\n<p>Itt l\u00e1that\u00f3 <a href=\"http:\/\/youtu.be\/KYYs4LrO4Bg\">a visegr\u00e1di otthon bemutatkoz\u00f3 filmje<\/a>.<\/p>\n<p>Int\u00e9zm\u00e9ny\u00fcnk <a href=\"https:\/\/www.facebook.com\/F%C5%91v%C3%A1rosi-%C3%96nkorm%C3%A1nyzat-Id%C5%91sek-Otthona-1714180882157827\/\">Facebook oldala<\/a>.<\/p>\n","protected":false},"excerpt":{"rendered":"<p>Szeretettel K\u00f6sz\u00f6nti \u00d6nt Honlapj\u00e1n a F\u0151v\u00e1rosi \u00d6nkorm\u00e1nyzat V\u00e1mosmikolai Id\u0151sek Otthona! Honlapunk seg\u00edts\u00e9g\u00e9vel gyorsan \u00e9s k\u00f6nnyed\u00e9n t\u00e1j\u00e9koz\u00f3dhat az Otthon \u00e1ltal ny\u00fajtott szolg\u00e1ltat\u00e1sokr\u00f3l, el\u00e9rhet\u0151s\u00e9gekr\u0151l, programjainkr\u00f3l. A F\u0151v\u00e1rosi \u00d6nkorm\u00e1nyzat V\u00e1mosmikolai Id\u0151sek Otthona az orsz\u00e1g \u00e9szaki r\u00e9sz\u00e9n, Budapestt\u0151l 85 km-re a B\u00f6rzs\u00f6ny hegys\u00e9g l\u00e1b\u00e1n\u00e1l \u00e9s az Ipoly foly\u00f3 v\u00f6lgy\u00e9ben tal\u00e1lhat\u00f3 fest\u0151i k\u00f6rnyezetben. J\u00f3l megk\u00f6zel\u00edthet\u0151 szem\u00e9lyg\u00e9pkocsival a Budapest-V\u00e1c-Szob-Letk\u00e9s-V\u00e1mosmikola \u00fatvonalon, vagy [&hellip;]<\/p>\n","protected":false},"author":1,"featured_media":0,"parent":0,"menu_order":0,"comment_status":"closed","ping_status":"closed","template":"","meta":{"footnotes":""},"class_list":["post-5","page","type-page","status-publish","hentry"],"_links":{"self":[{"href":"https:\/\/www.mikolaiotthon.hu\/mikola\/index.php?rest_route=\/wp\/v2\/pages\/5","targetHints":{"allow":["GET"]}}],"collection":[{"href":"https:\/\/www.mikolaiotthon.hu\/mikola\/index.php?rest_route=\/wp\/v2\/pages"}],"about":[{"href":"https:\/\/www.mikolaiotthon.hu\/mikola\/index.php?rest_route=\/wp\/v2\/types\/page"}],"author":[{"embeddable":true,"href":"https:\/\/www.mikolaiotthon.hu\/mikola\/index.php?rest_route=\/wp\/v2\/users\/1"}],"replies":[{"embeddable":true,"href":"https:\/\/www.mikolaiotthon.hu\/mikola\/index.php?rest_route=%2Fwp%2Fv2%2Fcomments&post=5"}],"version-history":[{"count":48,"href":"https:\/\/www.mikolaiotthon.hu\/mikola\/index.php?rest_route=\/wp\/v2\/pages\/5\/revisions"}],"predecessor-version":[{"id":990,"href":"https:\/\/www.mikolaiotthon.hu\/mikola\/index.php?rest_route=\/wp\/v2\/pages\/5\/revisions\/990"}],"wp:attachment":[{"href":"https:\/\/www.mikolaiotthon.hu\/mikola\/index.php?rest_route=%2Fwp%2Fv2%2Fmedia&parent=5"}],"curies":[{"name":"wp","href":"https:\/\/api.w.org\/{rel}","templated":true}]}}