{"id":639,"date":"2022-02-17T13:12:10","date_gmt":"2022-02-17T12:12:10","guid":{"rendered":"http:\/\/www.mikolaiotthon.hu\/mikola\/?page_id=639"},"modified":"2026-05-12T06:16:01","modified_gmt":"2026-05-12T05:16:01","slug":"allaslehetoseg","status":"publish","type":"page","link":"https:\/\/www.mikolaiotthon.hu\/mikola\/?page_id=639","title":{"rendered":"\u00c1ll\u00e1slehet\u0151s\u00e9g"},"content":{"rendered":"<ul>\n<li><a href=\"http:\/\/www.mikolaiotthon.hu\/mikola\/wp-content\/uploads\/2026\/05\/ALLASPALYAZAT-fonover.pdf\">1 f\u0151 vezet\u0151 \u00e1pol\u00f3, V\u00e1mosmikola<\/a> &#8211; k\u00f6zz\u00e9t\u00e9ve: 2026.05.12.<\/li>\n<li><a href=\"http:\/\/www.mikolaiotthon.hu\/mikola\/wp-content\/uploads\/2025\/02\/ALLASPALYAZAT-fonover.pdf\">1 f\u0151 vezet\u0151 \u00e1pol\u00f3, Visegr\u00e1d<\/a>\u00a0&#8211; k\u00f6zz\u00e9t\u00e9ve: 2025.02.14.<\/li>\n<\/ul>\n<p><a href=\"http:\/\/www.mikolaiotthon.hu\/mikola\/wp-content\/uploads\/2022\/02\/\u00c1LL\u00c1SHIRDET\u00c9S.png\"><img loading=\"lazy\" decoding=\"async\" class=\"alignnone size-medium wp-image-640\" src=\"http:\/\/www.mikolaiotthon.hu\/mikola\/wp-content\/uploads\/2022\/02\/\u00c1LL\u00c1SHIRDET\u00c9S-300x229.png\" alt=\"\u00c1LL\u00c1SHIRDET\u00c9S\" width=\"300\" height=\"229\" srcset=\"https:\/\/www.mikolaiotthon.hu\/mikola\/wp-content\/uploads\/2022\/02\/\u00c1LL\u00c1SHIRDET\u00c9S-300x229.png 300w, https:\/\/www.mikolaiotthon.hu\/mikola\/wp-content\/uploads\/2022\/02\/\u00c1LL\u00c1SHIRDET\u00c9S.png 564w\" sizes=\"auto, (max-width: 300px) 100vw, 300px\" \/><\/a><\/p>\n<ul>\n<li><a href=\"http:\/\/www.mikolaiotthon.hu\/mikola\/wp-content\/uploads\/2023\/10\/Apolo-allashirdetes-2.pdf\">2 f\u0151 \u00e1pol\u00f3, gondoz\u00f3 v\u00e1mosmikolai telephelyre<\/a>\u00a0<span style=\"color: initial;\">&#8211; k\u00f6zz\u00e9t\u00e9ve: 2023.10.03.<\/span><\/li>\n<\/ul>\n","protected":false},"excerpt":{"rendered":"<p>1 f\u0151 vezet\u0151 \u00e1pol\u00f3, V\u00e1mosmikola &#8211; k\u00f6zz\u00e9t\u00e9ve: 2026.05.12. 1 f\u0151 vezet\u0151 \u00e1pol\u00f3, Visegr\u00e1d\u00a0&#8211; k\u00f6zz\u00e9t\u00e9ve: 2025.02.14. 2 f\u0151 \u00e1pol\u00f3, gondoz\u00f3 v\u00e1mosmikolai telephelyre\u00a0&#8211; k\u00f6zz\u00e9t\u00e9ve: 2023.10.03.<\/p>\n","protected":false},"author":2,"featured_media":0,"parent":0,"menu_order":0,"comment_status":"closed","ping_status":"closed","template":"","meta":{"footnotes":""},"class_list":["post-639","page","type-page","status-publish","hentry"],"_links":{"self":[{"href":"https:\/\/www.mikolaiotthon.hu\/mikola\/index.php?rest_route=\/wp\/v2\/pages\/639","targetHints":{"allow":["GET"]}}],"collection":[{"href":"https:\/\/www.mikolaiotthon.hu\/mikola\/index.php?rest_route=\/wp\/v2\/pages"}],"about":[{"href":"https:\/\/www.mikolaiotthon.hu\/mikola\/index.php?rest_route=\/wp\/v2\/types\/page"}],"author":[{"embeddable":true,"href":"https:\/\/www.mikolaiotthon.hu\/mikola\/index.php?rest_route=\/wp\/v2\/users\/2"}],"replies":[{"embeddable":true,"href":"https:\/\/www.mikolaiotthon.hu\/mikola\/index.php?rest_route=%2Fwp%2Fv2%2Fcomments&post=639"}],"version-history":[{"count":15,"href":"https:\/\/www.mikolaiotthon.hu\/mikola\/index.php?rest_route=\/wp\/v2\/pages\/639\/revisions"}],"predecessor-version":[{"id":994,"href":"https:\/\/www.mikolaiotthon.hu\/mikola\/index.php?rest_route=\/wp\/v2\/pages\/639\/revisions\/994"}],"wp:attachment":[{"href":"https:\/\/www.mikolaiotthon.hu\/mikola\/index.php?rest_route=%2Fwp%2Fv2%2Fmedia&parent=639"}],"curies":[{"name":"wp","href":"https:\/\/api.w.org\/{rel}","templated":true}]}}