{"id":7,"date":"2015-02-03T12:02:09","date_gmt":"2015-02-03T12:02:09","guid":{"rendered":"http:\/\/www.mikolaiotthon.hu\/mikola\/?page_id=7"},"modified":"2026-02-09T10:06:03","modified_gmt":"2026-02-09T09:06:03","slug":"elerhetosegek","status":"publish","type":"page","link":"https:\/\/www.mikolaiotthon.hu\/mikola\/?page_id=7","title":{"rendered":"El\u00e9rhet\u0151s\u00e9gek"},"content":{"rendered":"<p class=\"art-postheader\"><strong>Fenntart\u00f3: Budapest F\u0151v\u00e1ros \u00d6nkorm\u00e1nyzata<\/strong><\/p>\n<hr \/>\n<p><strong style=\"font-size: revert; color: initial;\">F\u0151v\u00e1rosi \u00d6nkorm\u00e1nyzat V\u00e1mosmikolai Id\u0151sek Otthona<br \/>\n<\/strong><strong style=\"font-size: revert; color: initial;\">C\u00edm: 2635 V\u00e1mosmikola, Ipolys\u00e1gi \u00fat 9-11<br \/>\n<\/strong><span style=\"font-size: revert; color: initial;\">Tel: 06-27\/579-540, Fax: 06-27\/579-545<br \/>\n<\/span><span style=\"font-size: revert; color: initial;\">Email:\u00a0<\/span><a style=\"font-size: revert;\" href=\"mailto:kozpont@mikolaiotthon.hu\">kozpont@mikolaiotthon.hu<\/a><\/p>\n<div class=\"art-postcontent\">\n<div class=\"art-article\">\n<p><strong>Int\u00e9zm\u00e9nyvezet\u0151: K\u00e9ner Kriszti\u00e1n<br \/>\n<\/strong>Telefon: 06-27\/579-540 \/4250 mell\u00e9k\/<br \/>\nEmail: <a href=\"mailto:intezmenyvezeto@mikolaiotthon.hu\">intezmenyvezeto@mikolaiotthon.hu<\/a><\/p>\n<p><strong>Int\u00e9zm\u00e9nyvezet\u0151 \u00e1pol\u00f3: Bern\u00e1th Ildik\u00f3<br \/>\n<\/strong><span style=\"font-size: revert; color: initial;\">El\u00e9rhet\u0151s\u00e9ge: 06-26\/398-368<br \/>\n<\/span>Email: <a href=\"mailto:intezmenyvezeto@mikolaiotthon.hu\">visegrad@mikolaiotthon.hu<\/a><\/p>\n<p><strong>Int\u00e9zm\u00e9nyvezet\u0151 \u00e1pol\u00f3 helyettes: Varga Bernadett<br \/>\n<\/strong><span style=\"font-size: revert; color: initial;\">Telefon: 06-27\/579-540 \/3023 mell\u00e9k\/<br \/>\n<\/span>Email: <a href=\"mailto:fonover@mikolaiotthon.hu\">fonover@mikolaiotthon.hu<\/a><\/p>\n<p><strong>Gazdas\u00e1gi vezet\u0151: Bern\u00e1t Istv\u00e1nn\u00e9<br \/>\n<\/strong><span style=\"font-size: revert; color: initial;\">El\u00e9rhet\u0151s\u00e9ge: 06-27\/579-540 \/4252 mell\u00e9k\/<br \/>\n<\/span>Email: <a href=\"mailto:gazdasagivezeto@mikolaiotthon.hu\">gazdasagivezeto@mikolaiotthon.hu<\/a><\/p>\n<p><strong>Gondnok: Vajsz R\u00f3bert<br \/>\n<\/strong><span style=\"font-size: revert; color: initial;\">Telefon: 06-27\/579-540 \/4254 mell\u00e9k\/<br \/>\n<\/span>Email: <a href=\"mailto:gondnok@mikolaiotthon.hu\">gondnok@mikolaiotthon.hu<\/a><\/p>\n<p><strong>\u00c9lelmez\u00e9svezet\u0151: Szab\u00f3 \u00c1gnes<br \/>\n<\/strong><span style=\"font-size: revert; color: initial;\">Telefon: \u00a006-27\/579-540 \/4255 mell\u00e9k\/<br \/>\n<\/span>Email: <a href=\"mailto:elelmezes@mikolaiotthon.hu\">elelmezes@mikolaiotthon.hu<\/a><\/p>\n<p><strong>Ment\u00e1lhigi\u00e9n\u00e9s csoportvezet\u0151 : Ritzi Szilvia<br \/>\n<\/strong>Telefon: 06-30\/331-05-16<br \/>\nEmail: <a href=\"mailto:mental@mikolaiotthon.hu\">mental@mikolaiotthon.hu<\/a><\/p>\n<hr \/>\n<p><strong>Telephely: F\u0151v\u00e1rosi \u00a0\u00d6nkorm\u00e1nyzat V\u00e1mosmikolai Id\u0151sek Otthona<\/strong><br \/>\n2025 Visegr\u00e1d, Mogyor\u00f3hegy \u00fat 10.<br \/>\nTelefon: 06-26\/398-368<br \/>\nEmail: <a href=\"mailto:visegrad@mikolaiotthon.hu\">visegrad@mikolaiotthon.hu<\/a><\/p>\n<p><strong><br \/>\nTelephely vezet\u0151 : Bors J\u00f3zsef<br \/>\n<\/strong><span style=\"font-size: revert; color: initial;\">Telefon: 06-26\/398-368, 06\/30 408 0610<br \/>\n<\/span>Email:\u00a0<a href=\"mailto:telephelyvezeto@mikolaiotthon.hu\">telephelyvezeto@mikolaiotthon.hu<\/a><\/p>\n<\/div>\n<\/div>\n","protected":false},"excerpt":{"rendered":"<p>Fenntart\u00f3: Budapest F\u0151v\u00e1ros \u00d6nkorm\u00e1nyzata F\u0151v\u00e1rosi \u00d6nkorm\u00e1nyzat V\u00e1mosmikolai Id\u0151sek Otthona C\u00edm: 2635 V\u00e1mosmikola, Ipolys\u00e1gi \u00fat 9-11 Tel: 06-27\/579-540, Fax: 06-27\/579-545 Email:\u00a0kozpont@mikolaiotthon.hu Int\u00e9zm\u00e9nyvezet\u0151: K\u00e9ner Kriszti\u00e1n Telefon: 06-27\/579-540 \/4250 mell\u00e9k\/ Email: intezmenyvezeto@mikolaiotthon.hu Int\u00e9zm\u00e9nyvezet\u0151 \u00e1pol\u00f3: Bern\u00e1th Ildik\u00f3 El\u00e9rhet\u0151s\u00e9ge: 06-26\/398-368 Email: visegrad@mikolaiotthon.hu Int\u00e9zm\u00e9nyvezet\u0151 \u00e1pol\u00f3 helyettes: Varga Bernadett Telefon: 06-27\/579-540 \/3023 mell\u00e9k\/ Email: fonover@mikolaiotthon.hu Gazdas\u00e1gi vezet\u0151: Bern\u00e1t Istv\u00e1nn\u00e9 El\u00e9rhet\u0151s\u00e9ge: 06-27\/579-540 \/4252 [&hellip;]<\/p>\n","protected":false},"author":1,"featured_media":0,"parent":0,"menu_order":0,"comment_status":"closed","ping_status":"closed","template":"","meta":{"footnotes":""},"class_list":["post-7","page","type-page","status-publish","hentry"],"_links":{"self":[{"href":"https:\/\/www.mikolaiotthon.hu\/mikola\/index.php?rest_route=\/wp\/v2\/pages\/7","targetHints":{"allow":["GET"]}}],"collection":[{"href":"https:\/\/www.mikolaiotthon.hu\/mikola\/index.php?rest_route=\/wp\/v2\/pages"}],"about":[{"href":"https:\/\/www.mikolaiotthon.hu\/mikola\/index.php?rest_route=\/wp\/v2\/types\/page"}],"author":[{"embeddable":true,"href":"https:\/\/www.mikolaiotthon.hu\/mikola\/index.php?rest_route=\/wp\/v2\/users\/1"}],"replies":[{"embeddable":true,"href":"https:\/\/www.mikolaiotthon.hu\/mikola\/index.php?rest_route=%2Fwp%2Fv2%2Fcomments&post=7"}],"version-history":[{"count":14,"href":"https:\/\/www.mikolaiotthon.hu\/mikola\/index.php?rest_route=\/wp\/v2\/pages\/7\/revisions"}],"predecessor-version":[{"id":943,"href":"https:\/\/www.mikolaiotthon.hu\/mikola\/index.php?rest_route=\/wp\/v2\/pages\/7\/revisions\/943"}],"wp:attachment":[{"href":"https:\/\/www.mikolaiotthon.hu\/mikola\/index.php?rest_route=%2Fwp%2Fv2%2Fmedia&parent=7"}],"curies":[{"name":"wp","href":"https:\/\/api.w.org\/{rel}","templated":true}]}}