{"id":874,"date":"2025-01-29T09:49:50","date_gmt":"2025-01-29T08:49:50","guid":{"rendered":"https:\/\/www.mikolaiotthon.hu\/mikola\/?page_id=874"},"modified":"2025-01-29T09:50:49","modified_gmt":"2025-01-29T08:50:49","slug":"talyekoztatok","status":"publish","type":"page","link":"https:\/\/www.mikolaiotthon.hu\/mikola\/?page_id=874","title":{"rendered":"T\u00e1ly\u00e9koztat\u00f3k"},"content":{"rendered":"\n<p><a href=\"http:\/\/www.mikolaiotthon.hu\/mikola\/wp-content\/uploads\/2025\/01\/Tajekoztato-a-belso-visszaeles-bejelentesi-rendszer-mukodesenek-alapveto-szabalyairol.pdf\">T\u00e1ly\u00e9koztat\u00f3 a bels\u0151 vissza\u00e9l\u00e9s-bejelent\u00e9si rendszer m\u0171k\u00f6d\u00e9s\u00e9nek alapvet\u0151 szab\u00e1lyair\u00f3l<\/a><\/p>\n","protected":false},"excerpt":{"rendered":"<p>T\u00e1ly\u00e9koztat\u00f3 a bels\u0151 vissza\u00e9l\u00e9s-bejelent\u00e9si rendszer m\u0171k\u00f6d\u00e9s\u00e9nek alapvet\u0151 szab\u00e1lyair\u00f3l<\/p>\n","protected":false},"author":2,"featured_media":0,"parent":0,"menu_order":0,"comment_status":"closed","ping_status":"closed","template":"","meta":{"footnotes":""},"class_list":["post-874","page","type-page","status-publish","hentry"],"_links":{"self":[{"href":"https:\/\/www.mikolaiotthon.hu\/mikola\/index.php?rest_route=\/wp\/v2\/pages\/874","targetHints":{"allow":["GET"]}}],"collection":[{"href":"https:\/\/www.mikolaiotthon.hu\/mikola\/index.php?rest_route=\/wp\/v2\/pages"}],"about":[{"href":"https:\/\/www.mikolaiotthon.hu\/mikola\/index.php?rest_route=\/wp\/v2\/types\/page"}],"author":[{"embeddable":true,"href":"https:\/\/www.mikolaiotthon.hu\/mikola\/index.php?rest_route=\/wp\/v2\/users\/2"}],"replies":[{"embeddable":true,"href":"https:\/\/www.mikolaiotthon.hu\/mikola\/index.php?rest_route=%2Fwp%2Fv2%2Fcomments&post=874"}],"version-history":[{"count":2,"href":"https:\/\/www.mikolaiotthon.hu\/mikola\/index.php?rest_route=\/wp\/v2\/pages\/874\/revisions"}],"predecessor-version":[{"id":877,"href":"https:\/\/www.mikolaiotthon.hu\/mikola\/index.php?rest_route=\/wp\/v2\/pages\/874\/revisions\/877"}],"wp:attachment":[{"href":"https:\/\/www.mikolaiotthon.hu\/mikola\/index.php?rest_route=%2Fwp%2Fv2%2Fmedia&parent=874"}],"curies":[{"name":"wp","href":"https:\/\/api.w.org\/{rel}","templated":true}]}}